{"id":199,"date":"2025-05-30T11:47:50","date_gmt":"2025-05-30T15:47:50","guid":{"rendered":"https:\/\/rua.com.bo\/wp\/?page_id=199"},"modified":"2025-06-02T21:25:10","modified_gmt":"2025-06-03T01:25:10","slug":"bolivia","status":"publish","type":"page","link":"https:\/\/rua.com.bo\/?page_id=199","title":{"rendered":"BOLIVIA"},"content":{"rendered":"<div class='pt-cv-wrapper'> <div class=\"pt-cv-view pt-cv-timeline iscvblock iscvreal timeline layout1 pt-cv-pginfinite\" id=\"pt-cv-view-jsjlx18h\"><div class=\"tl-spine\"><a href=\"#\"><\/a><\/div>\n<div class=\"tl-items\">\n<div class=\"tl-item pt-left\"><div class=\"tl-item-content\"><i class=\"tl-pointer\"><\/i><div class=\" pt-cv-content-item pt-cv-1-col\"  data-pid=\"1085\"><div class=\"pt-cv-thumb-wrapper  \"><a href=\"https:\/\/rua.com.bo\/?p=1085\" class=\"_self pt-cv-href-thumbnail pt-cv-thumb-default\" target=\"_self\" ><img loading=\"lazy\" decoding=\"async\" width=\"768\" height=\"434\" src=\"https:\/\/rua.com.bo\/wp-content\/uploads\/2025\/11\/Sin-titulEDDDo-768x434.jpg\" class=\"pt-cv-thumbnail\" alt=\"\u201cOrden, esta es la \u00faltima sesi\u00f3n, cuidaremos la imagen de esta Asamblea\u201d, dice Choquehuanca; Nayar: &quot;sigan chillando, lloren, lloren masistas, ya se van&quot;.\" \/><\/a><div class=\"pt-cv-taxoterm over_top_left\"><a href='https:\/\/rua.com.bo\/?cat=29' title='Pol\u00edtica' class='pt-cv-tax-politica'>Pol\u00edtica<\/a><\/div><\/div>\n<h4 class=\"pt-cv-title\"><a href=\"https:\/\/rua.com.bo\/?p=1085\" class=\"_self\" target=\"_self\" >\u201cOrden, esta es la \u00faltima sesi\u00f3n, cuidaremos la imagen de esta Asamblea\u201d, dice Choquehuanca; Nayar: \u00absigan chillando, lloren, lloren masistas, ya se van\u00bb.<\/a><\/h4>\n<div class=\"pt-cv-content\">Durante la \u00faltima sesi\u00f3n de la Asamblea Legislativa Plurinacional por el cambio de gobierno, este viernes 31 de octubre, el &#8230;<\/div>\n<div class=\"pt-cv-meta-fields\"><span class=\"entry-date\"> <time datetime=\"2025-10-31T11:41:00-04:00\">viernes 31 octubre 2025 11:41<\/time><\/span><\/div>\n<div class=\"pt-cv-rmwrap\"><a href=\"https:\/\/rua.com.bo\/?p=1085\" class=\"_self pt-cv-readmore btn btn-success\" target=\"_self\" >Leer M\u00e1s<\/a><\/div><\/div><\/div><\/div>\n<div class=\"tl-item pt-right\"><div class=\"tl-item-content\"><i class=\"tl-pointer\"><\/i><div class=\" pt-cv-content-item pt-cv-1-col\"  data-pid=\"1009\"><div class=\"pt-cv-thumb-wrapper  \"><a href=\"https:\/\/rua.com.bo\/?p=1009\" class=\"_self pt-cv-href-thumbnail pt-cv-thumb-default\" target=\"_self\" ><img loading=\"lazy\" decoding=\"async\" width=\"768\" height=\"448\" src=\"https:\/\/rua.com.bo\/wp-content\/uploads\/2025\/10\/morales-afirma-que-paz-y-lara-ganaron-con-el-voto-evista-pero-no-es-cheque-en-blanco-20-10-2025-768x448.webp\" class=\"pt-cv-thumbnail\" alt=\"Morales afirma que \u201cPaz y Lara ganaron con el voto evista\u201d, pero no es \u201ccheque en blanco\u201d\" \/><\/a><div class=\"pt-cv-taxoterm over_top_left\"><a href='https:\/\/rua.com.bo\/?cat=29' title='Pol\u00edtica' class='pt-cv-tax-politica'>Pol\u00edtica<\/a><\/div><\/div>\n<h4 class=\"pt-cv-title\"><a href=\"https:\/\/rua.com.bo\/?p=1009\" class=\"_self\" target=\"_self\" >Morales afirma que \u201cPaz y Lara ganaron con el voto evista\u201d, pero no es \u201ccheque en blanco\u201d<\/a><\/h4>\n<div class=\"pt-cv-content\">Evo Morales asever\u00f3 este lunes que el binomio del PDC gan\u00f3 las elecciones con el voto evista, el mismo que &#8230;<\/div>\n<div class=\"pt-cv-meta-fields\"><span class=\"entry-date\"> <time datetime=\"2025-10-20T12:23:09-04:00\">lunes 20 octubre 2025 12:23<\/time><\/span><\/div>\n<div class=\"pt-cv-rmwrap\"><a href=\"https:\/\/rua.com.bo\/?p=1009\" class=\"_self pt-cv-readmore btn btn-success\" target=\"_self\" >Leer M\u00e1s<\/a><\/div><\/div><\/div><\/div>\n<div class=\"tl-item pt-left\"><div class=\"tl-item-content\"><i class=\"tl-pointer\"><\/i><div class=\" pt-cv-content-item pt-cv-1-col\"  data-pid=\"999\"><div class=\"pt-cv-thumb-wrapper  \"><a href=\"https:\/\/rua.com.bo\/?p=999\" class=\"_self pt-cv-href-thumbnail pt-cv-thumb-default\" target=\"_self\" ><img loading=\"lazy\" decoding=\"async\" width=\"768\" height=\"528\" src=\"https:\/\/rua.com.bo\/wp-content\/uploads\/2025\/10\/Screenshot_2025-10-13-23-36-09-793_com.facebook.katana-edit-768x528.webp\" class=\"pt-cv-thumbnail\" alt=\"Lara aclara que estaba \u201cmuy cansado\u201d y no \u201cdopado\u201d durante la conferencia posterior al debate\" \/><\/a><div class=\"pt-cv-taxoterm over_top_left\"><a href='https:\/\/rua.com.bo\/?cat=29' title='Pol\u00edtica' class='pt-cv-tax-politica'>Pol\u00edtica<\/a><\/div><\/div>\n<h4 class=\"pt-cv-title\"><a href=\"https:\/\/rua.com.bo\/?p=999\" class=\"_self\" target=\"_self\" >Lara aclara que estaba \u201cmuy cansado\u201d y no \u201cdopado\u201d durante la conferencia posterior al debate<\/a><\/h4>\n<div class=\"pt-cv-content\">El candidato a la vicepresidencia, Edmand Lara, se pronunci\u00f3 este lunes para aclarar las cr\u00edticas sobre su apariencia durante la &#8230;<\/div>\n<div class=\"pt-cv-meta-fields\"><span class=\"entry-date\"> <time datetime=\"2025-10-13T23:42:49-04:00\">lunes 13 octubre 2025 23:42<\/time><\/span><\/div>\n<div class=\"pt-cv-rmwrap\"><a href=\"https:\/\/rua.com.bo\/?p=999\" class=\"_self pt-cv-readmore btn btn-success\" target=\"_self\" >Leer M\u00e1s<\/a><\/div><\/div><\/div><\/div>\n<div class=\"tl-item pt-right\"><div class=\"tl-item-content\"><i class=\"tl-pointer\"><\/i><div class=\" pt-cv-content-item pt-cv-1-col\"  data-pid=\"955\"><div class=\"pt-cv-thumb-wrapper  \"><a href=\"https:\/\/rua.com.bo\/?p=955\" class=\"_self pt-cv-href-thumbnail pt-cv-thumb-default\" target=\"_self\" ><img loading=\"lazy\" decoding=\"async\" width=\"768\" height=\"472\" src=\"https:\/\/rua.com.bo\/wp-content\/uploads\/2025\/09\/Screenshot_2025-09-24-21-39-00-130_com.facebook.katana-edit-768x472.webp\" class=\"pt-cv-thumbnail\" alt=\"En 48 horas, caen por narcotr\u00e1fico la hermana de una exdirigente de Evo y su exzar antidrogas\" \/><\/a><div class=\"pt-cv-taxoterm over_top_left\"><a href='https:\/\/rua.com.bo\/?cat=28' title='Seguridad' class='pt-cv-tax-seguridad'>Seguridad<\/a><\/div><\/div>\n<h4 class=\"pt-cv-title\"><a href=\"https:\/\/rua.com.bo\/?p=955\" class=\"_self\" target=\"_self\" >En 48 horas, caen por narcotr\u00e1fico la hermana de una exdirigente de Evo y su exzar antidrogas<\/a><\/h4>\n<div class=\"pt-cv-content\">En 48 horas caen por narcotr\u00e1fico dos personas relacionadas con el expresidente Evo Morales. Se trata de Elba Ter\u00e1n, hermana &#8230;<\/div>\n<div class=\"pt-cv-meta-fields\"><span class=\"entry-date\"> <time datetime=\"2025-09-23T21:38:35-04:00\">martes 23 septiembre 2025 21:38<\/time><\/span><\/div>\n<div class=\"pt-cv-rmwrap\"><a href=\"https:\/\/rua.com.bo\/?p=955\" class=\"_self pt-cv-readmore btn btn-success\" target=\"_self\" >Leer M\u00e1s<\/a><\/div><\/div><\/div><\/div>\n<div class=\"tl-item pt-left\"><div class=\"tl-item-content\"><i class=\"tl-pointer\"><\/i><div class=\" pt-cv-content-item pt-cv-1-col\"  data-pid=\"951\"><div class=\"pt-cv-thumb-wrapper  \"><a href=\"https:\/\/rua.com.bo\/?p=951\" class=\"_self pt-cv-href-thumbnail pt-cv-thumb-default\" target=\"_self\" ><img loading=\"lazy\" decoding=\"async\" width=\"768\" height=\"460\" src=\"https:\/\/rua.com.bo\/wp-content\/uploads\/2025\/09\/Screenshot_2025-09-20-11-22-32-294_com.facebook.katana-edit-768x460.webp\" class=\"pt-cv-thumbnail\" alt=\"Uno de los hijos del presidente Luis Arce es denunciado por su pareja por violencia familiar\" \/><\/a><div class=\"pt-cv-taxoterm over_top_left\"><a href='https:\/\/rua.com.bo\/?cat=28' title='Seguridad' class='pt-cv-tax-seguridad'>Seguridad<\/a><\/div><\/div>\n<h4 class=\"pt-cv-title\"><a href=\"https:\/\/rua.com.bo\/?p=951\" class=\"_self\" target=\"_self\" >Uno de los hijos del presidente Luis Arce es denunciado por su pareja por violencia familiar<\/a><\/h4>\n<div class=\"pt-cv-content\">Luis Marcelo Arce Mosqueira, uno de los hijos del presidente Luis Arce fue denunciado en la capital cruce\u00f1a por su &#8230;<\/div>\n<div class=\"pt-cv-meta-fields\"><span class=\"entry-date\"> <time datetime=\"2025-09-20T11:28:17-04:00\">s\u00e1bado 20 septiembre 2025 11:28<\/time><\/span><\/div>\n<div class=\"pt-cv-rmwrap\"><a href=\"https:\/\/rua.com.bo\/?p=951\" class=\"_self pt-cv-readmore btn btn-success\" target=\"_self\" >Leer M\u00e1s<\/a><\/div><\/div><\/div><\/div>\n<div class=\"tl-item pt-right\"><div class=\"tl-item-content\"><i class=\"tl-pointer\"><\/i><div class=\" pt-cv-content-item pt-cv-1-col\"  data-pid=\"911\"><div class=\"pt-cv-thumb-wrapper  \"><a href=\"https:\/\/rua.com.bo\/?p=911\" class=\"_self pt-cv-href-thumbnail pt-cv-thumb-default\" target=\"_self\" ><img loading=\"lazy\" decoding=\"async\" width=\"768\" height=\"507\" src=\"https:\/\/rua.com.bo\/wp-content\/uploads\/2025\/08\/Screenshot_2025-08-27-13-58-28-585_com.facebook.katana-edit-768x507.webp\" class=\"pt-cv-thumbnail\" alt=\"Lara denuncia campa\u00f1a en TikTok para ridiculizarlo y acusa a \u2018cuentas vendidas\u2019\" \/><\/a><div class=\"pt-cv-taxoterm over_top_left\"><a href='https:\/\/rua.com.bo\/?cat=29' title='Pol\u00edtica' class='pt-cv-tax-politica'>Pol\u00edtica<\/a><\/div><\/div>\n<h4 class=\"pt-cv-title\"><a href=\"https:\/\/rua.com.bo\/?p=911\" class=\"_self\" target=\"_self\" >Lara denuncia campa\u00f1a en TikTok para ridiculizarlo y acusa a \u2018cuentas vendidas\u2019<\/a><\/h4>\n<div class=\"pt-cv-content\">El candidato vicepresidencial Edmand Lara denunci\u00f3 p\u00fablicamente que hay una \u201cguerra sucia desmedida\u201d que ahora, mediante cuentas de TikTok, pretende &#8230;<\/div>\n<div class=\"pt-cv-meta-fields\"><span class=\"entry-date\"> <time datetime=\"2025-08-27T14:03:34-04:00\">mi\u00e9rcoles 27 agosto 2025 14:03<\/time><\/span><\/div>\n<div class=\"pt-cv-rmwrap\"><a href=\"https:\/\/rua.com.bo\/?p=911\" class=\"_self pt-cv-readmore btn btn-success\" target=\"_self\" >Leer M\u00e1s<\/a><\/div><\/div><\/div><\/div>\n<div class=\"tl-item pt-left\"><div class=\"tl-item-content\"><i class=\"tl-pointer\"><\/i><div class=\" pt-cv-content-item pt-cv-1-col\"  data-pid=\"890\"><div class=\"pt-cv-thumb-wrapper  \"><a href=\"https:\/\/rua.com.bo\/?p=890\" class=\"_self pt-cv-href-thumbnail pt-cv-thumb-default\" target=\"_self\" ><img loading=\"lazy\" decoding=\"async\" width=\"768\" height=\"431\" src=\"https:\/\/rua.com.bo\/wp-content\/uploads\/2025\/08\/Screenshot_2025-08-25-15-49-18-282_com.facebook.katana-edit-768x431.webp\" class=\"pt-cv-thumbnail\" alt=\"Evo: &#039;Si pasa algo con mi vida, va a ser responsabilidad de Claure (...), que sepa el mundo&#039;\" \/><\/a><div class=\"pt-cv-taxoterm over_top_left\"><a href='https:\/\/rua.com.bo\/?cat=29' title='Pol\u00edtica' class='pt-cv-tax-politica'>Pol\u00edtica<\/a><\/div><\/div>\n<h4 class=\"pt-cv-title\"><a href=\"https:\/\/rua.com.bo\/?p=890\" class=\"_self\" target=\"_self\" >Evo: &#8216;Si pasa algo con mi vida, va a ser responsabilidad de Claure (&#8230;), que sepa el mundo&#8217;<\/a><\/h4>\n<div class=\"pt-cv-content\">Evo Morales vuelve a temer por su vida. No es nuevo que el expresidente acuda a las redes sociales para &#8230;<\/div>\n<div class=\"pt-cv-meta-fields\"><span class=\"entry-date\"> <time datetime=\"2025-08-25T16:08:35-04:00\">lunes 25 agosto 2025 16:08<\/time><\/span><\/div>\n<div class=\"pt-cv-rmwrap\"><a href=\"https:\/\/rua.com.bo\/?p=890\" class=\"_self pt-cv-readmore btn btn-success\" target=\"_self\" >Leer M\u00e1s<\/a><\/div><\/div><\/div><\/div>\n<div class=\"tl-item pt-right\"><div class=\"tl-item-content\"><i class=\"tl-pointer\"><\/i><div class=\" pt-cv-content-item pt-cv-1-col\"  data-pid=\"883\"><div class=\"pt-cv-thumb-wrapper  \"><a href=\"https:\/\/rua.com.bo\/?p=883\" class=\"_self pt-cv-href-thumbnail pt-cv-thumb-default\" target=\"_self\" ><img loading=\"lazy\" decoding=\"async\" width=\"768\" height=\"447\" src=\"https:\/\/rua.com.bo\/wp-content\/uploads\/2025\/08\/Screenshot_2025-08-23-23-00-26-655_com.facebook.katana-edit-768x447.webp\" class=\"pt-cv-thumbnail\" alt=\"Jaime Dunn critica a Lara: \u201cSe ha vuelto un politiquero tradicional\u201d\" \/><\/a><div class=\"pt-cv-taxoterm over_top_left\"><a href='https:\/\/rua.com.bo\/?cat=29' title='Pol\u00edtica' class='pt-cv-tax-politica'>Pol\u00edtica<\/a><\/div><\/div>\n<h4 class=\"pt-cv-title\"><a href=\"https:\/\/rua.com.bo\/?p=883\" class=\"_self\" target=\"_self\" >Jaime Dunn critica a Lara: \u201cSe ha vuelto un politiquero tradicional\u201d<\/a><\/h4>\n<div class=\"pt-cv-content\">El economista y exprecandidato Jaime Dunn critic\u00f3 al candidato a vicepresidente Edmand Lara, a quien acus\u00f3 de difundir mentiras e &#8230;<\/div>\n<div class=\"pt-cv-meta-fields\"><span class=\"entry-date\"> <time datetime=\"2025-08-23T23:10:43-04:00\">s\u00e1bado 23 agosto 2025 23:10<\/time><\/span><\/div>\n<div class=\"pt-cv-rmwrap\"><a href=\"https:\/\/rua.com.bo\/?p=883\" class=\"_self pt-cv-readmore btn btn-success\" target=\"_self\" >Leer M\u00e1s<\/a><\/div><\/div><\/div><\/div>\n<div class=\"tl-item pt-left\"><div class=\"tl-item-content\"><i class=\"tl-pointer\"><\/i><div class=\" pt-cv-content-item pt-cv-1-col\"  data-pid=\"871\"><div class=\"pt-cv-thumb-wrapper  \"><a href=\"https:\/\/rua.com.bo\/?p=871\" class=\"_self pt-cv-href-thumbnail pt-cv-thumb-default\" target=\"_self\" ><img loading=\"lazy\" decoding=\"async\" width=\"768\" height=\"403\" src=\"https:\/\/rua.com.bo\/wp-content\/uploads\/2025\/08\/6ff784b4-d3c0-4d9c-9fe6-4e471e757358-768x403.webp\" class=\"pt-cv-thumbnail\" alt=\"Evo: &quot;Lara nos rob\u00f3 todo el programa social, mejoraron inclusive demag\u00f3gicamente&quot;.\" \/><\/a><div class=\"pt-cv-taxoterm over_top_left\"><a href='https:\/\/rua.com.bo\/?cat=29' title='Pol\u00edtica' class='pt-cv-tax-politica'>Pol\u00edtica<\/a><\/div><\/div>\n<h4 class=\"pt-cv-title\"><a href=\"https:\/\/rua.com.bo\/?p=871\" class=\"_self\" target=\"_self\" >Evo: \u00abLara nos rob\u00f3 todo el programa social, mejoraron inclusive demag\u00f3gicamente\u00bb.<\/a><\/h4>\n<div class=\"pt-cv-content\">El l\u00edder de las seis federaciones del Tr\u00f3pico, Evo Morales, afirm\u00f3 este jueves que el candidato del PDC, Edman Lara, &#8230;<\/div>\n<div class=\"pt-cv-meta-fields\"><span class=\"entry-date\"> <time datetime=\"2025-08-21T11:36:33-04:00\">jueves 21 agosto 2025 11:36<\/time><\/span><\/div>\n<div class=\"pt-cv-rmwrap\"><a href=\"https:\/\/rua.com.bo\/?p=871\" class=\"_self pt-cv-readmore btn btn-success\" target=\"_self\" >Leer M\u00e1s<\/a><\/div><\/div><\/div><\/div>\n<div class=\"tl-item pt-right\"><div class=\"tl-item-content\"><i class=\"tl-pointer\"><\/i><div class=\" pt-cv-content-item pt-cv-1-col\"  data-pid=\"814\"><div class=\"pt-cv-thumb-wrapper  \"><a href=\"https:\/\/rua.com.bo\/?p=814\" class=\"_self pt-cv-href-thumbnail pt-cv-thumb-default\" target=\"_self\" ><img loading=\"lazy\" decoding=\"async\" width=\"606\" height=\"400\" src=\"https:\/\/rua.com.bo\/wp-content\/uploads\/2025\/08\/prado-28.webp\" class=\"pt-cv-thumbnail\" alt=\"Prado explica su posici\u00f3n respecto a Evo y dice que si se demuestra su culpabilidad, tendr\u00e1 que responder\" \/><\/a><div class=\"pt-cv-taxoterm over_top_left\"><a href='https:\/\/rua.com.bo\/?cat=29' title='Pol\u00edtica' class='pt-cv-tax-politica'>Pol\u00edtica<\/a><\/div><\/div>\n<h4 class=\"pt-cv-title\"><a href=\"https:\/\/rua.com.bo\/?p=814\" class=\"_self\" target=\"_self\" >Prado explica su posici\u00f3n respecto a Evo y dice que si se demuestra su culpabilidad, tendr\u00e1 que responder<\/a><\/h4>\n<div class=\"pt-cv-content\">La candidata vicepresidencial de Alianza Popular, Mariana Prado, aclar\u00f3 su posici\u00f3n respecto al proceso penal que enfrenta Evo Morales y &#8230;<\/div>\n<div class=\"pt-cv-meta-fields\"><span class=\"entry-date\"> <time datetime=\"2025-08-03T18:35:00-04:00\">domingo 3 agosto 2025 18:35<\/time><\/span><\/div>\n<div class=\"pt-cv-rmwrap\"><a href=\"https:\/\/rua.com.bo\/?p=814\" class=\"_self pt-cv-readmore btn btn-success\" target=\"_self\" >Leer M\u00e1s<\/a><\/div><\/div><\/div><\/div>\n<div class=\"tl-item pt-left\"><div class=\"tl-item-content\"><i class=\"tl-pointer\"><\/i><div class=\" pt-cv-content-item pt-cv-1-col\"  data-pid=\"804\"><div class=\"pt-cv-thumb-wrapper  \"><a href=\"https:\/\/rua.com.bo\/?p=804\" class=\"_self pt-cv-href-thumbnail pt-cv-thumb-default\" target=\"_self\" ><img loading=\"lazy\" decoding=\"async\" width=\"768\" height=\"439\" src=\"https:\/\/rua.com.bo\/wp-content\/uploads\/2025\/07\/523146747_668881706171628_936399891869209608_n-768x439.webp\" class=\"pt-cv-thumbnail\" alt=\"Muere chofer de bus mientras espera en la fila para cargar combustible en Santa Cruz\" \/><\/a><div class=\"pt-cv-taxoterm over_top_left\"><a href='https:\/\/rua.com.bo\/?cat=28' title='Seguridad' class='pt-cv-tax-seguridad'>Seguridad<\/a><\/div><\/div>\n<h4 class=\"pt-cv-title\"><a href=\"https:\/\/rua.com.bo\/?p=804\" class=\"_self\" target=\"_self\" >Muere chofer de bus mientras espera en la fila para cargar combustible en Santa Cruz<\/a><\/h4>\n<div class=\"pt-cv-content\">Un hombre perdi\u00f3 la vida mientras esperaba en la fila para cargar di\u00e9sel en un surtidor ubicado sobre el tercer &#8230;<\/div>\n<div class=\"pt-cv-meta-fields\"><span class=\"entry-date\"> <time datetime=\"2025-07-22T11:35:10-04:00\">martes 22 julio 2025 11:35<\/time><\/span><\/div>\n<div class=\"pt-cv-rmwrap\"><a href=\"https:\/\/rua.com.bo\/?p=804\" class=\"_self pt-cv-readmore btn btn-success\" target=\"_self\" >Leer M\u00e1s<\/a><\/div><\/div><\/div><\/div>\n<div class=\"tl-item pt-right\"><div class=\"tl-item-content\"><i class=\"tl-pointer\"><\/i><div class=\" pt-cv-content-item pt-cv-1-col\"  data-pid=\"767\"><div class=\"pt-cv-thumb-wrapper  \"><a href=\"https:\/\/rua.com.bo\/?p=767\" class=\"_self pt-cv-href-thumbnail pt-cv-thumb-default\" target=\"_self\" ><img loading=\"lazy\" decoding=\"async\" width=\"768\" height=\"435\" src=\"https:\/\/rua.com.bo\/wp-content\/uploads\/2025\/06\/2025050813514669888-1-768x435.webp\" class=\"pt-cv-thumbnail\" alt=\"Paz, dupla con excapit\u00e1n Lara, promete legalizar autos &#039;chutos&#039; porque &#039;todo el mundo tiene uno&#039;\" \/><\/a><div class=\"pt-cv-taxoterm over_top_left\"><a href='https:\/\/rua.com.bo\/?cat=29' title='Pol\u00edtica' class='pt-cv-tax-politica'>Pol\u00edtica<\/a><\/div><\/div>\n<h4 class=\"pt-cv-title\"><a href=\"https:\/\/rua.com.bo\/?p=767\" class=\"_self\" target=\"_self\" >Paz, dupla con excapit\u00e1n Lara, promete legalizar autos &#8216;chutos&#8217; porque &#8216;todo el mundo tiene uno&#8217;<\/a><\/h4>\n<div class=\"pt-cv-content\">En entrevista con El \u00c1nfora, el candidato presidencial Rodrigo Paz, del Partido Dem\u00f3crata Cristiano (PDC), explic\u00f3 la propuesta que tiene &#8230;<\/div>\n<div class=\"pt-cv-meta-fields\"><span class=\"entry-date\"> <time datetime=\"2025-06-28T13:17:46-04:00\">s\u00e1bado 28 junio 2025 13:17<\/time><\/span><\/div>\n<div class=\"pt-cv-rmwrap\"><a href=\"https:\/\/rua.com.bo\/?p=767\" class=\"_self pt-cv-readmore btn btn-success\" target=\"_self\" >Leer M\u00e1s<\/a><\/div><\/div><\/div><\/div>\n<div class=\"tl-item pt-left\"><div class=\"tl-item-content\"><i class=\"tl-pointer\"><\/i><div class=\" pt-cv-content-item pt-cv-1-col\"  data-pid=\"762\"><div class=\"pt-cv-thumb-wrapper  \"><a href=\"https:\/\/rua.com.bo\/?p=762\" class=\"_self pt-cv-href-thumbnail pt-cv-thumb-default\" target=\"_self\" ><img loading=\"lazy\" decoding=\"async\" width=\"768\" height=\"563\" src=\"https:\/\/rua.com.bo\/wp-content\/uploads\/2025\/06\/55ed75fb-ce4c-4768-9e1c-00129f64689e-768x563.webp\" class=\"pt-cv-thumbnail\" alt=\"Joven recupera su libertad tras 9 a\u00f1os preso; v\u00edctima admiti\u00f3 que denuncia por violaci\u00f3n era falsa\" \/><\/a><div class=\"pt-cv-taxoterm over_top_left\"><a href='https:\/\/rua.com.bo\/?cat=28' title='Seguridad' class='pt-cv-tax-seguridad'>Seguridad<\/a><\/div><\/div>\n<h4 class=\"pt-cv-title\"><a href=\"https:\/\/rua.com.bo\/?p=762\" class=\"_self\" target=\"_self\" >Joven recupera su libertad tras 9 a\u00f1os preso; v\u00edctima admiti\u00f3 que denuncia por violaci\u00f3n era falsa<\/a><\/h4>\n<div class=\"pt-cv-content\">Richard Mamani Mart\u00ednez, quien fue condenado por violaci\u00f3n a los 19 a\u00f1os, recuper\u00f3 su libertad el viernes 27 de junio &#8230;<\/div>\n<div class=\"pt-cv-meta-fields\"><span class=\"entry-date\"> <time datetime=\"2025-06-27T20:08:35-04:00\">viernes 27 junio 2025 20:08<\/time><\/span><\/div>\n<div class=\"pt-cv-rmwrap\"><a href=\"https:\/\/rua.com.bo\/?p=762\" class=\"_self pt-cv-readmore btn btn-success\" target=\"_self\" >Leer M\u00e1s<\/a><\/div><\/div><\/div><\/div>\n<div class=\"tl-item pt-right\"><div class=\"tl-item-content\"><i class=\"tl-pointer\"><\/i><div class=\" pt-cv-content-item pt-cv-1-col\"  data-pid=\"445\"><div class=\"pt-cv-thumb-wrapper  \"><a href=\"https:\/\/rua.com.bo\/?p=445\" class=\"_self pt-cv-href-thumbnail pt-cv-thumb-default\" target=\"_self\" ><img loading=\"lazy\" decoding=\"async\" width=\"768\" height=\"442\" src=\"https:\/\/rua.com.bo\/wp-content\/uploads\/2025\/06\/Screenshot_2025-06-13-14-08-04-942_com.facebook.katana-edit-768x442.webp\" class=\"pt-cv-thumbnail\" alt=\"Cocaleros anuncian creaci\u00f3n de un banco propio y advierten que los bloqueos contin\u00faaran.\" \/><\/a><div class=\"pt-cv-taxoterm over_top_left\"><a href='https:\/\/rua.com.bo\/?cat=29' title='Pol\u00edtica' class='pt-cv-tax-politica'>Pol\u00edtica<\/a><\/div><\/div>\n<h4 class=\"pt-cv-title\"><a href=\"https:\/\/rua.com.bo\/?p=445\" class=\"_self\" target=\"_self\" >Cocaleros anuncian creaci\u00f3n de un banco propio y advierten que los bloqueos contin\u00faaran.<\/a><\/h4>\n<div class=\"pt-cv-content\">A tiempo de denunciar un ahogamiento econ\u00f3mico a su regi\u00f3n, las federaciones del Tr\u00f3pico de Cochabamba han anunciado su intenci\u00f3n &#8230;<\/div>\n<div class=\"pt-cv-meta-fields\"><span class=\"entry-date\"> <time datetime=\"2025-06-13T14:17:32-04:00\">viernes 13 junio 2025 14:17<\/time><\/span><\/div>\n<div class=\"pt-cv-rmwrap\"><a href=\"https:\/\/rua.com.bo\/?p=445\" class=\"_self pt-cv-readmore btn btn-success\" target=\"_self\" >Leer M\u00e1s<\/a><\/div><\/div><\/div><\/div>\n<div class=\"tl-item pt-left\"><div class=\"tl-item-content\"><i class=\"tl-pointer\"><\/i><div class=\" pt-cv-content-item pt-cv-1-col\"  data-pid=\"441\"><div class=\"pt-cv-thumb-wrapper  \"><a href=\"https:\/\/rua.com.bo\/?p=441\" class=\"_self pt-cv-href-thumbnail pt-cv-thumb-default\" target=\"_self\" ><img loading=\"lazy\" decoding=\"async\" width=\"768\" height=\"470\" src=\"https:\/\/rua.com.bo\/wp-content\/uploads\/2025\/06\/Proyecto-nuevo-1-768x470.webp\" class=\"pt-cv-thumbnail\" alt=\"Evo \u201csugiere\u201d que se apruebe una ley \u201cpara que todos los actores pol\u00edticos tengan derecho a participar\u201d de las elecciones\" \/><\/a><div class=\"pt-cv-taxoterm over_top_left\"><a href='https:\/\/rua.com.bo\/?cat=29' title='Pol\u00edtica' class='pt-cv-tax-politica'>Pol\u00edtica<\/a><\/div><\/div>\n<h4 class=\"pt-cv-title\"><a href=\"https:\/\/rua.com.bo\/?p=441\" class=\"_self\" target=\"_self\" >Evo \u201csugiere\u201d que se apruebe una ley \u201cpara que todos los actores pol\u00edticos tengan derecho a participar\u201d de las elecciones<\/a><\/h4>\n<div class=\"pt-cv-content\">La Cuarta Cumbre Multipartidaria, que fue convocada por el Tribunal Supremo Electoral (TSE), para garantizar la realizaci\u00f3n de las elecciones, &#8230;<\/div>\n<div class=\"pt-cv-meta-fields\"><span class=\"entry-date\"> <time datetime=\"2025-06-12T21:44:40-04:00\">jueves 12 junio 2025 21:44<\/time><\/span><\/div>\n<div class=\"pt-cv-rmwrap\"><a href=\"https:\/\/rua.com.bo\/?p=441\" class=\"_self pt-cv-readmore btn btn-success\" target=\"_self\" >Leer M\u00e1s<\/a><\/div><\/div><\/div><\/div>\n<\/div><\/div> <\/div> <style>\n\n#pt-cv-view-jsjlx18h .pt-cv-meta-fields {  }#pt-cv-view-jsjlx18h .pt-cv-meta-fields * { font-size: 13px; }#pt-cv-view-jsjlx18h .pt-cv-title a { display: block;color: #000000; }#pt-cv-view-jsjlx18h .pt-cv-title:not(.pt-cv-titlesm) a { font-weight: 600;text-decoration: none;font-size: 20px; }#pt-cv-view-jsjlx18h .pt-cv-titlesm a { font-weight: 600;font-size: 18px; }#pt-cv-view-jsjlx18h .pt-cv-content { font-size: 15px; }#pt-cv-view-jsjlx18h .pt-cv-rmwrap {  }#pt-cv-view-jsjlx18h .pt-cv-readmore { color: #fff;background-color: #000000;font-size: 14px; }#pt-cv-view-jsjlx18h .pt-cv-taxoterm {  }#pt-cv-view-jsjlx18h .pt-cv-taxoterm * { color: #ffffff;background-color: #0f0f0f;font-size: 14px;padding: 3px 5px 3px 5px;border-radius: 5px 5px 5px 5px; }#pt-cv-view-jsjlx18h + .pt-cv-pagination-wrapper {  }#pt-cv-view-jsjlx18h + .pt-cv-pagination-wrapper a { font-size: 14px; }#pt-cv-view-jsjlx18h .pt-cv-title a:hover { color: #ff2301; }#pt-cv-view-jsjlx18h .pt-cv-title:not(.pt-cv-titlesm) a:hover {  }#pt-cv-view-jsjlx18h .pt-cv-rmwrap:hover {  }#pt-cv-view-jsjlx18h .pt-cv-readmore:hover { background-color: #fd0000; }#pt-cv-view-jsjlx18h .pt-cv-taxoterm:hover {  }#pt-cv-view-jsjlx18h .pt-cv-taxoterm *:hover { background-color: #fb0404; }\n@media all and (max-width: 1024px) { \n\n} \n@media all and (max-width: 767px) { \n\n} <\/style>","protected":false},"excerpt":{"rendered":"","protected":false},"author":1,"featured_media":0,"parent":0,"menu_order":0,"comment_status":"closed","ping_status":"closed","template":"","meta":{"footnotes":""},"class_list":["post-199","page","type-page","status-publish","hentry"],"_links":{"self":[{"href":"https:\/\/rua.com.bo\/index.php?rest_route=\/wp\/v2\/pages\/199","targetHints":{"allow":["GET"]}}],"collection":[{"href":"https:\/\/rua.com.bo\/index.php?rest_route=\/wp\/v2\/pages"}],"about":[{"href":"https:\/\/rua.com.bo\/index.php?rest_route=\/wp\/v2\/types\/page"}],"author":[{"embeddable":true,"href":"https:\/\/rua.com.bo\/index.php?rest_route=\/wp\/v2\/users\/1"}],"replies":[{"embeddable":true,"href":"https:\/\/rua.com.bo\/index.php?rest_route=%2Fwp%2Fv2%2Fcomments&post=199"}],"version-history":[{"count":4,"href":"https:\/\/rua.com.bo\/index.php?rest_route=\/wp\/v2\/pages\/199\/revisions"}],"predecessor-version":[{"id":339,"href":"https:\/\/rua.com.bo\/index.php?rest_route=\/wp\/v2\/pages\/199\/revisions\/339"}],"wp:attachment":[{"href":"https:\/\/rua.com.bo\/index.php?rest_route=%2Fwp%2Fv2%2Fmedia&parent=199"}],"curies":[{"name":"wp","href":"https:\/\/api.w.org\/{rel}","templated":true}]}}