{"id":225,"date":"2025-05-30T16:06:44","date_gmt":"2025-05-30T20:06:44","guid":{"rendered":"https:\/\/rua.com.bo\/wp\/?page_id=225"},"modified":"2025-06-02T21:59:05","modified_gmt":"2025-06-03T01:59:05","slug":"social","status":"publish","type":"page","link":"https:\/\/rua.com.bo\/?page_id=225","title":{"rendered":"SOCIALES"},"content":{"rendered":"<div class='pt-cv-wrapper'> <div class=\"pt-cv-view pt-cv-onebig iscvblock iscvreal above-others onebig1 layout2\" id=\"pt-cv-view-nd1zy64d\"><div data-id=\"pt-cv-page-1\" class=\"pt-cv-page\" data-cvc=\"1\"><div class=\" pt-cv-content-item pt-cv-2-col cv-main-post\"  data-pid=\"1181\"><div class=\"pt-cv-thumb-wrapper  \"><a href=\"https:\/\/rua.com.bo\/?p=1181\" class=\"_self pt-cv-href-thumbnail pt-cv-thumb-default\" target=\"_self\" ><img loading=\"lazy\" decoding=\"async\" width=\"2048\" height=\"1365\" src=\"https:\/\/rua.com.bo\/wp-content\/uploads\/2026\/01\/WReina-Guabira.webp\" class=\"pt-cv-thumbnail\" alt=\"Pichones Jrs alista la presentaci\u00f3n de Luz Brenda Centellas, reina del Carnaval de Guabir\u00e1 2026\" \/><\/a><div class=\"pt-cv-taxoterm over_top_left\"><a href='https:\/\/rua.com.bo\/?cat=55' title='Cultura' class='pt-cv-tax-cultura'>Cultura<\/a><\/div><\/div>\n<h4 class=\"pt-cv-title\"><a href=\"https:\/\/rua.com.bo\/?p=1181\" class=\"_self\" target=\"_self\" >Pichones Jrs alista la presentaci\u00f3n de Luz Brenda Centellas, reina del Carnaval de Guabir\u00e1 2026<\/a><\/h4>\n<div class=\"pt-cv-content\">La comparsa coronadora del Carnaval de Guabir\u00e1 2026, Pichones Jrs, presentar\u00e1 este fin de semana a su reina, Luz Brenda &#8230;<\/div>\n<div class=\"pt-cv-meta-fields\"><span class=\"entry-date\"> <time datetime=\"2025-12-05T17:24:35-04:00\">viernes 5 diciembre 2025 17:24<\/time><\/span><\/div>\n<div class=\"pt-cv-rmwrap\"><a href=\"https:\/\/rua.com.bo\/?p=1181\" class=\"_self pt-cv-readmore btn btn-success\" target=\"_self\" >Leer M\u00e1s<\/a><\/div><\/div>\n<div class=\" pt-cv-content-item pt-cv-2-col\"  data-pid=\"1178\"><div class=\"pt-cv-thumb-wrapper pull-left miniwrap\"><a href=\"https:\/\/rua.com.bo\/?p=1178\" class=\"_self pt-cv-href-thumbnail pt-cv-thumb-left\" target=\"_self\" ><img loading=\"lazy\" decoding=\"async\" width=\"768\" height=\"512\" src=\"https:\/\/rua.com.bo\/wp-content\/uploads\/2026\/01\/WPresentacion-reina-carnaval-2026-768x512.webp\" class=\"pt-cv-thumbnail pull-left pt-cv-thumbnailsm\" alt=\"Presentaci\u00f3n oficial de Aracely Salvatierra como reina del Carnaval de Montero 2026.\" \/><\/a><div class=\"pt-cv-taxoterm over_top_left\"><a href='https:\/\/rua.com.bo\/?cat=55' title='Cultura' class='pt-cv-tax-cultura'>Cultura<\/a><\/div><\/div>\n<div class=\"pt-cv-colwrap\"><h4 class=\"pt-cv-title pt-cv-titlesm\"><a href=\"https:\/\/rua.com.bo\/?p=1178\" class=\"_self\" target=\"_self\" >Presentaci\u00f3n oficial de Aracely Salvatierra como reina del Carnaval de Montero 2026.<\/a><\/h4><div class=\"pt-cv-content\">Juventud Carnavalera, coronadores del Carnaval Montere\u00f1o 2026, presentaron a Aracely Salvatierra el pasado viernes 25 &#8230;<\/div><div class=\"pt-cv-meta-fields\"><span class=\"entry-date\"> <time datetime=\"2025-11-28T23:19:00-04:00\">viernes 28 noviembre 2025 23:19<\/time><\/span><\/div><div class=\"pt-cv-rmwrap\"><a href=\"https:\/\/rua.com.bo\/?p=1178\" class=\"_self pt-cv-readmore btn btn-success\" target=\"_self\" >Leer M\u00e1s<\/a><\/div><\/div><\/div>\n<div class=\" pt-cv-content-item pt-cv-2-col\"  data-pid=\"1112\"><div class=\"pt-cv-thumb-wrapper pull-left miniwrap\"><a href=\"https:\/\/rua.com.bo\/?p=1112\" class=\"_self pt-cv-href-thumbnail pt-cv-thumb-left\" target=\"_self\" ><img loading=\"lazy\" decoding=\"async\" width=\"768\" height=\"433\" src=\"https:\/\/rua.com.bo\/wp-content\/uploads\/2025\/11\/Presentacion-de-Comparsa-carnavalera-2-768x433.webp\" class=\"pt-cv-thumbnail pull-left pt-cv-thumbnailsm\" alt=\"La agrupaci\u00f3n &quot;Juventud Montere\u00f1a&quot; es la coronadora del carnaval 2026; presentar\u00e1n a su reina el 28 de noviembre.\" \/><\/a><div class=\"pt-cv-taxoterm over_top_left\"><a href='https:\/\/rua.com.bo\/?cat=53' title='SOCIALES' class='pt-cv-tax-sociales'>SOCIALES<\/a><\/div><\/div>\n<div class=\"pt-cv-colwrap\"><h4 class=\"pt-cv-title pt-cv-titlesm\"><a href=\"https:\/\/rua.com.bo\/?p=1112\" class=\"_self\" target=\"_self\" >La agrupaci\u00f3n \u00abJuventud Montere\u00f1a\u00bb es la coronadora del carnaval 2026; presentar\u00e1n a su reina el 28 de noviembre.<\/a><\/h4><div class=\"pt-cv-content\">Juan Carlos Parada, Presidente de Asociaci\u00f3n Montere\u00f1a de Comparsas Carnavaleras (AMCC), inform\u00f3 de la presentaci\u00f3n &#8230;<\/div><div class=\"pt-cv-meta-fields\"><span class=\"entry-date\"> <time datetime=\"2025-11-19T17:34:00-04:00\">mi\u00e9rcoles 19 noviembre 2025 17:34<\/time><\/span><\/div><div class=\"pt-cv-rmwrap\"><a href=\"https:\/\/rua.com.bo\/?p=1112\" class=\"_self pt-cv-readmore btn btn-success\" target=\"_self\" >Leer M\u00e1s<\/a><\/div><\/div><\/div>\n<div class=\" pt-cv-content-item pt-cv-2-col\"  data-pid=\"1064\"><div class=\"pt-cv-thumb-wrapper pull-left miniwrap\"><a href=\"https:\/\/rua.com.bo\/?p=1064\" class=\"_self pt-cv-href-thumbnail pt-cv-thumb-left\" target=\"_self\" ><img loading=\"lazy\" decoding=\"async\" width=\"768\" height=\"432\" src=\"https:\/\/rua.com.bo\/wp-content\/uploads\/2025\/10\/573088689_1407202168074685_1396115979931806614_n-768x432.webp\" class=\"pt-cv-thumbnail pull-left pt-cv-thumbnailsm\" alt=\"La Reina Nacional de la Leche 2025, es Selena Flores.\" \/><\/a><div class=\"pt-cv-taxoterm over_top_left\"><a href='https:\/\/rua.com.bo\/?cat=53' title='SOCIALES' class='pt-cv-tax-sociales'>SOCIALES<\/a><\/div><\/div>\n<div class=\"pt-cv-colwrap\"><h4 class=\"pt-cv-title pt-cv-titlesm\"><a href=\"https:\/\/rua.com.bo\/?p=1064\" class=\"_self\" target=\"_self\" >La Reina Nacional de la Leche 2025, es Selena Flores.<\/a><\/h4><div class=\"pt-cv-content\">La noche de s\u00e1bado fue coronada Selena Flores Ayala, mientras llegaban las primeras gotas de &#8230;<\/div><div class=\"pt-cv-meta-fields\"><span class=\"entry-date\"> <time datetime=\"2025-10-26T11:43:00-04:00\">domingo 26 octubre 2025 11:43<\/time><\/span><\/div><div class=\"pt-cv-rmwrap\"><a href=\"https:\/\/rua.com.bo\/?p=1064\" class=\"_self pt-cv-readmore btn btn-success\" target=\"_self\" >Leer M\u00e1s<\/a><\/div><\/div><\/div>\n<div class=\" pt-cv-content-item pt-cv-2-col\"  data-pid=\"1041\"><div class=\"pt-cv-thumb-wrapper pull-left miniwrap\"><a href=\"https:\/\/rua.com.bo\/?p=1041\" class=\"_self pt-cv-href-thumbnail pt-cv-thumb-left\" target=\"_self\" ><img loading=\"lazy\" decoding=\"async\" width=\"768\" height=\"432\" src=\"https:\/\/rua.com.bo\/wp-content\/uploads\/2025\/10\/Proyecto-nuevo-9-768x432.webp\" class=\"pt-cv-thumbnail pull-left pt-cv-thumbnailsm\" alt=\"Hoy se realizar\u00e1 la elecci\u00f3n y coronaci\u00f3n de la \u201cReina de la Leche\u201d\" \/><\/a><div class=\"pt-cv-taxoterm over_top_left\"><a href='https:\/\/rua.com.bo\/?cat=53' title='SOCIALES' class='pt-cv-tax-sociales'>SOCIALES<\/a><\/div><\/div>\n<div class=\"pt-cv-colwrap\"><h4 class=\"pt-cv-title pt-cv-titlesm\"><a href=\"https:\/\/rua.com.bo\/?p=1041\" class=\"_self\" target=\"_self\" >Hoy se realizar\u00e1 la elecci\u00f3n y coronaci\u00f3n de la \u201cReina de la Leche\u201d<\/a><\/h4><div class=\"pt-cv-content\">Este s\u00e1bado 25 de octubre es la \u201cElecci\u00f3n y coronaci\u00f3n de la nueva Reina del &#8230;<\/div><div class=\"pt-cv-meta-fields\"><span class=\"entry-date\"> <time datetime=\"2025-10-25T13:01:00-04:00\">s\u00e1bado 25 octubre 2025 13:01<\/time><\/span><\/div><div class=\"pt-cv-rmwrap\"><a href=\"https:\/\/rua.com.bo\/?p=1041\" class=\"_self pt-cv-readmore btn btn-success\" target=\"_self\" >Leer M\u00e1s<\/a><\/div><\/div><\/div><\/div><\/div> <\/div> <style>\n\n#pt-cv-view-nd1zy64d .pt-cv-meta-fields {  }#pt-cv-view-nd1zy64d .pt-cv-meta-fields * { font-size: 13px; }#pt-cv-view-nd1zy64d .pt-cv-thumb-wrapper.miniwrap { width: 40%; }#pt-cv-view-nd1zy64d .pt-cv-thumbnailsm {  }#pt-cv-view-nd1zy64d .pt-cv-title a { display: block;color: #870199; }#pt-cv-view-nd1zy64d .pt-cv-title:not(.pt-cv-titlesm) a { font-weight: 600;text-decoration: none;font-size: 26px; }#pt-cv-view-nd1zy64d .pt-cv-titlesm a { font-weight: 600;font-size: 18px; }#pt-cv-view-nd1zy64d .pt-cv-content { font-size: 15px; }#pt-cv-view-nd1zy64d .pt-cv-rmwrap {  }#pt-cv-view-nd1zy64d .pt-cv-readmore { color: #fff;background-color: #8d03a6;font-size: 14px;border-radius: 5px 5px 5px 5px; }#pt-cv-view-nd1zy64d .pt-cv-taxoterm {  }#pt-cv-view-nd1zy64d .pt-cv-taxoterm * { color: #ffffff;background-color: #9806a8;font-size: 14px;padding: 3px 5px 3px 5px;border-radius: 5px 5px 5px 5px; }#pt-cv-view-nd1zy64d + .pt-cv-pagination-wrapper {  }#pt-cv-view-nd1zy64d + .pt-cv-pagination-wrapper a { font-size: 14px; }#pt-cv-view-nd1zy64d > .pt-cv-page {grid-template-columns: repeat(1, 1fr);grid-gap: 20px;}#pt-cv-view-nd1zy64d .pt-cv-title a:hover { color: #000000; }#pt-cv-view-nd1zy64d .pt-cv-title:not(.pt-cv-titlesm) a:hover {  }#pt-cv-view-nd1zy64d .pt-cv-taxoterm:hover {  }#pt-cv-view-nd1zy64d .pt-cv-taxoterm *:hover { background-color: #000000; }\n@media all and (max-width: 1024px) { \n#pt-cv-view-nd1zy64d > .pt-cv-page {grid-template-columns: repeat(1, 1fr);}\n} \n@media all and (max-width: 767px) { \n#pt-cv-view-nd1zy64d > .pt-cv-page {grid-template-columns: repeat(1, 1fr);}\n} <\/style>","protected":false},"excerpt":{"rendered":"","protected":false},"author":1,"featured_media":0,"parent":0,"menu_order":0,"comment_status":"closed","ping_status":"closed","template":"","meta":{"footnotes":""},"class_list":["post-225","page","type-page","status-publish","hentry"],"_links":{"self":[{"href":"https:\/\/rua.com.bo\/index.php?rest_route=\/wp\/v2\/pages\/225","targetHints":{"allow":["GET"]}}],"collection":[{"href":"https:\/\/rua.com.bo\/index.php?rest_route=\/wp\/v2\/pages"}],"about":[{"href":"https:\/\/rua.com.bo\/index.php?rest_route=\/wp\/v2\/types\/page"}],"author":[{"embeddable":true,"href":"https:\/\/rua.com.bo\/index.php?rest_route=\/wp\/v2\/users\/1"}],"replies":[{"embeddable":true,"href":"https:\/\/rua.com.bo\/index.php?rest_route=%2Fwp%2Fv2%2Fcomments&post=225"}],"version-history":[{"count":6,"href":"https:\/\/rua.com.bo\/index.php?rest_route=\/wp\/v2\/pages\/225\/revisions"}],"predecessor-version":[{"id":353,"href":"https:\/\/rua.com.bo\/index.php?rest_route=\/wp\/v2\/pages\/225\/revisions\/353"}],"wp:attachment":[{"href":"https:\/\/rua.com.bo\/index.php?rest_route=%2Fwp%2Fv2%2Fmedia&parent=225"}],"curies":[{"name":"wp","href":"https:\/\/api.w.org\/{rel}","templated":true}]}}