{"id":317,"date":"2025-06-01T17:05:30","date_gmt":"2025-06-01T21:05:30","guid":{"rendered":"https:\/\/rua.com.bo\/wp\/?page_id=317"},"modified":"2025-06-02T21:33:15","modified_gmt":"2025-06-03T01:33:15","slug":"economia","status":"publish","type":"page","link":"https:\/\/rua.com.bo\/?page_id=317","title":{"rendered":"ECONOMIA"},"content":{"rendered":"<div class='pt-cv-wrapper'> <div class=\"pt-cv-view pt-cv-blockgrid iscvblock iscvreal grid1 layout3\" id=\"pt-cv-view-1xzsp27x\"><div data-id=\"pt-cv-page-1\" class=\"pt-cv-page\" data-cvc=\"2\"><div class=\" pt-cv-content-item pt-cv-1-col\"  data-pid=\"981\"><div class=\"pt-cv-thumb-wrapper  \"><a href=\"https:\/\/rua.com.bo\/?p=981\" class=\"_self pt-cv-href-thumbnail pt-cv-thumb-default\" target=\"_self\" ><img loading=\"lazy\" decoding=\"async\" width=\"768\" height=\"432\" src=\"https:\/\/rua.com.bo\/wp-content\/uploads\/2025\/10\/558002635_1389407616520807_265421186629587612_n-768x432.webp\" class=\"pt-cv-thumbnail\" alt=\"Ca\u00f1eros piden al gobierno cumplir el cronograma de compra de Etanol\" \/><\/a><div class=\"pt-cv-taxoterm over_top_left\"><a href='https:\/\/rua.com.bo\/?cat=70' title='ECONOMIA' class='pt-cv-tax-economia-bolivia'>ECONOMIA<\/a><\/div><\/div>\n<div class=\"pt-cv-remain-wrapper\"><h4 class=\"pt-cv-title\"><a href=\"https:\/\/rua.com.bo\/?p=981\" class=\"_self\" target=\"_self\" >Ca\u00f1eros piden al gobierno cumplir el cronograma de compra de Etanol<\/a><\/h4><div class=\"pt-cv-content\">Montero | La compra de etanol de YPFB por parte del gobierno al sector ca\u00f1ero, era un acuerdo de veinte &#8230;<\/div><div class=\"pt-cv-meta-fields\"><span class=\"entry-date\"> <time datetime=\"2025-10-09T10:35:00-04:00\">jueves 9 octubre 2025 10:35<\/time><\/span><\/div><div class=\"pt-cv-rmwrap\"><a href=\"https:\/\/rua.com.bo\/?p=981\" class=\"_self pt-cv-readmore btn btn-success\" target=\"_self\" >Leer M\u00e1s<\/a><\/div><\/div><\/div>\n<div class=\" pt-cv-content-item pt-cv-1-col\"  data-pid=\"934\"><div class=\"pt-cv-thumb-wrapper  \"><a href=\"https:\/\/rua.com.bo\/?p=934\" class=\"_self pt-cv-href-thumbnail pt-cv-thumb-default\" target=\"_self\" ><img loading=\"lazy\" decoding=\"async\" width=\"768\" height=\"432\" src=\"https:\/\/rua.com.bo\/wp-content\/uploads\/2025\/09\/FB_IMG_1757132762192-768x432.webp\" class=\"pt-cv-thumbnail\" alt=\"Gobierno garantiza provisi\u00f3n de combustibles hasta el 8 de noviembre\" \/><\/a><div class=\"pt-cv-taxoterm over_top_left\"><a href='https:\/\/rua.com.bo\/?cat=70' title='ECONOMIA' class='pt-cv-tax-economia-bolivia'>ECONOMIA<\/a><\/div><\/div>\n<div class=\"pt-cv-remain-wrapper\"><h4 class=\"pt-cv-title\"><a href=\"https:\/\/rua.com.bo\/?p=934\" class=\"_self\" target=\"_self\" >Gobierno garantiza provisi\u00f3n de combustibles hasta el 8 de noviembre<\/a><\/h4><div class=\"pt-cv-content\">El ministro de Hidrocarburos y Energ\u00edas, Alejandro Gallardo, afirm\u00f3 este viernes que el Gobierno garantizar\u00e1 hasta el 8 de noviembre &#8230;<\/div><div class=\"pt-cv-meta-fields\"><span class=\"entry-date\"> <time datetime=\"2025-09-06T00:36:52-04:00\">s\u00e1bado 6 septiembre 2025 00:36<\/time><\/span><\/div><div class=\"pt-cv-rmwrap\"><a href=\"https:\/\/rua.com.bo\/?p=934\" class=\"_self pt-cv-readmore btn btn-success\" target=\"_self\" >Leer M\u00e1s<\/a><\/div><\/div><\/div>\n<div class=\" pt-cv-content-item pt-cv-1-col\"  data-pid=\"902\"><div class=\"pt-cv-thumb-wrapper  \"><a href=\"https:\/\/rua.com.bo\/?p=902\" class=\"_self pt-cv-href-thumbnail pt-cv-thumb-default\" target=\"_self\" ><img loading=\"lazy\" decoding=\"async\" width=\"768\" height=\"580\" src=\"https:\/\/rua.com.bo\/wp-content\/uploads\/2025\/08\/Screenshot_2025-08-26-11-38-30-263_com.facebook.katana-edit-768x580.webp\" class=\"pt-cv-thumbnail\" alt=\"Oferta electoral dispar\u00f3 precio de autos chutos hasta en 208%\" \/><\/a><div class=\"pt-cv-taxoterm over_top_left\"><a href='https:\/\/rua.com.bo\/?cat=70' title='ECONOMIA' class='pt-cv-tax-economia-bolivia'>ECONOMIA<\/a><\/div><\/div>\n<div class=\"pt-cv-remain-wrapper\"><h4 class=\"pt-cv-title\"><a href=\"https:\/\/rua.com.bo\/?p=902\" class=\"_self\" target=\"_self\" >Oferta electoral dispar\u00f3 precio de autos chutos hasta en 208%<\/a><\/h4><div class=\"pt-cv-content\">La promesa electoral de tres candidatos presidenciales, entre ellos Rodrigo Paz (PDC), quien gan\u00f3 en primera vuelta y ser\u00e1 rival &#8230;<\/div><div class=\"pt-cv-meta-fields\"><span class=\"entry-date\"> <time datetime=\"2025-08-26T12:00:40-04:00\">martes 26 agosto 2025 12:00<\/time><\/span><\/div><div class=\"pt-cv-rmwrap\"><a href=\"https:\/\/rua.com.bo\/?p=902\" class=\"_self pt-cv-readmore btn btn-success\" target=\"_self\" >Leer M\u00e1s<\/a><\/div><\/div><\/div>\n<div class=\" pt-cv-content-item pt-cv-1-col\"  data-pid=\"785\"><div class=\"pt-cv-thumb-wrapper  \"><a href=\"https:\/\/rua.com.bo\/?p=785\" class=\"_self pt-cv-href-thumbnail pt-cv-thumb-default\" target=\"_self\" ><img loading=\"lazy\" decoding=\"async\" width=\"768\" height=\"448\" src=\"https:\/\/rua.com.bo\/wp-content\/uploads\/2025\/07\/gestora-las-afps-invirtieron-bs-10458-millones-en-el-exbanco-fassil-y-el-19-de-ese-monto-esta-en-juicio-2025-07-05-768x448.jpg\" class=\"pt-cv-thumbnail\" alt=\"Gestora: las AFPs invirtieron Bs. 10.458 millones en el exbanco Fassil y el 1,9% de ese monto esta en juicio\" \/><\/a><div class=\"pt-cv-taxoterm over_top_left\"><a href='https:\/\/rua.com.bo\/?cat=70' title='ECONOMIA' class='pt-cv-tax-economia-bolivia'>ECONOMIA<\/a><\/div><\/div>\n<div class=\"pt-cv-remain-wrapper\"><h4 class=\"pt-cv-title\"><a href=\"https:\/\/rua.com.bo\/?p=785\" class=\"_self\" target=\"_self\" >Gestora: las AFPs invirtieron Bs. 10.458 millones en el exbanco Fassil y el 1,9% de ese monto esta en juicio<\/a><\/h4><div class=\"pt-cv-content\">El gerente de la Gestora P\u00fablica de la Seguridad Social de Largo Plazo, Jaime Dur\u00e1n, inform\u00f3 este viernes que las &#8230;<\/div><div class=\"pt-cv-meta-fields\"><span class=\"entry-date\"> <time datetime=\"2025-07-05T13:24:46-04:00\">s\u00e1bado 5 julio 2025 13:24<\/time><\/span><\/div><div class=\"pt-cv-rmwrap\"><a href=\"https:\/\/rua.com.bo\/?p=785\" class=\"_self pt-cv-readmore btn btn-success\" target=\"_self\" >Leer M\u00e1s<\/a><\/div><\/div><\/div>\n<div class=\" pt-cv-content-item pt-cv-1-col\"  data-pid=\"777\"><div class=\"pt-cv-thumb-wrapper  \"><a href=\"https:\/\/rua.com.bo\/?p=777\" class=\"_self pt-cv-href-thumbnail pt-cv-thumb-default\" target=\"_self\" ><img loading=\"lazy\" decoding=\"async\" width=\"768\" height=\"433\" src=\"https:\/\/rua.com.bo\/wp-content\/uploads\/2025\/07\/image.psd-768x433.webp\" class=\"pt-cv-thumbnail\" alt=\"En 19 a\u00f1os, los gobiernos del MAS destinaron m\u00e1s de Bs 260.137 millones para la creaci\u00f3n de empresas p\u00fablicas\" \/><\/a><div class=\"pt-cv-taxoterm over_top_left\"><a href='https:\/\/rua.com.bo\/?cat=70' title='ECONOMIA' class='pt-cv-tax-economia-bolivia'>ECONOMIA<\/a><\/div><\/div>\n<div class=\"pt-cv-remain-wrapper\"><h4 class=\"pt-cv-title\"><a href=\"https:\/\/rua.com.bo\/?p=777\" class=\"_self\" target=\"_self\" >En 19 a\u00f1os, los gobiernos del MAS destinaron m\u00e1s de Bs 260.137 millones para la creaci\u00f3n de empresas p\u00fablicas<\/a><\/h4><div class=\"pt-cv-content\">Desde el 2006 hasta el momento, los gobiernos del Movimiento Al Socialismo (MAS) destinaron Bs. 260.137.568.985,52 para la construcci\u00f3n de &#8230;<\/div><div class=\"pt-cv-meta-fields\"><span class=\"entry-date\"> <time datetime=\"2025-07-04T13:08:41-04:00\">viernes 4 julio 2025 13:08<\/time><\/span><\/div><div class=\"pt-cv-rmwrap\"><a href=\"https:\/\/rua.com.bo\/?p=777\" class=\"_self pt-cv-readmore btn btn-success\" target=\"_self\" >Leer M\u00e1s<\/a><\/div><\/div><\/div>\n<div class=\" pt-cv-content-item pt-cv-1-col\"  data-pid=\"292\"><div class=\"pt-cv-thumb-wrapper  \"><a href=\"https:\/\/rua.com.bo\/?p=292\" class=\"_self pt-cv-href-thumbnail pt-cv-thumb-default\" target=\"_self\" ><img loading=\"lazy\" decoding=\"async\" width=\"644\" height=\"367\" src=\"https:\/\/rua.com.bo\/wp-content\/uploads\/2025\/06\/gnv.webp\" class=\"pt-cv-thumbnail\" alt=\"Veh\u00edculos a GNV pagar\u00e1n precio internacional por carburantes si exceden el consumo autorizado\" \/><\/a><div class=\"pt-cv-taxoterm over_top_left\"><a href='https:\/\/rua.com.bo\/?cat=70' title='ECONOMIA' class='pt-cv-tax-economia-bolivia'>ECONOMIA<\/a><\/div><\/div>\n<div class=\"pt-cv-remain-wrapper\"><h4 class=\"pt-cv-title\"><a href=\"https:\/\/rua.com.bo\/?p=292\" class=\"_self\" target=\"_self\" >Veh\u00edculos a GNV pagar\u00e1n precio internacional por carburantes si exceden el consumo autorizado<\/a><\/h4><div class=\"pt-cv-content\">La Paz | El Gobierno nacional aprob\u00f3 el Decreto Supremo 5400, que establece que los veh\u00edculos habilitados para el uso &#8230;<\/div><div class=\"pt-cv-meta-fields\"><span class=\"entry-date\"> <time datetime=\"2025-05-31T13:05:02-04:00\">s\u00e1bado 31 mayo 2025 13:05<\/time><\/span><\/div><div class=\"pt-cv-rmwrap\"><a href=\"https:\/\/rua.com.bo\/?p=292\" class=\"_self pt-cv-readmore btn btn-success\" target=\"_self\" >Leer M\u00e1s<\/a><\/div><\/div><\/div>\n<div class=\" pt-cv-content-item pt-cv-1-col\"  data-pid=\"124\"><div class=\"pt-cv-thumb-wrapper  \"><a href=\"https:\/\/rua.com.bo\/?p=124\" class=\"_self pt-cv-href-thumbnail pt-cv-thumb-default\" target=\"_self\" ><img loading=\"lazy\" decoding=\"async\" width=\"768\" height=\"355\" src=\"https:\/\/rua.com.bo\/wp-content\/uploads\/2025\/05\/feria-768x355.webp\" class=\"pt-cv-thumbnail\" alt=\"Presentaci\u00f3n del afiche de la Feria Nacional de la Semilla Chan\u00e9 2025\" \/><\/a><div class=\"pt-cv-taxoterm over_top_left\"><a href='https:\/\/rua.com.bo\/?cat=33' title='Empresarial' class='pt-cv-tax-empresarial'>Empresarial<\/a><\/div><\/div>\n<div class=\"pt-cv-remain-wrapper\"><h4 class=\"pt-cv-title\"><a href=\"https:\/\/rua.com.bo\/?p=124\" class=\"_self\" target=\"_self\" >Presentaci\u00f3n del afiche de la Feria Nacional de la Semilla Chan\u00e9 2025<\/a><\/h4><div class=\"pt-cv-content\">Se lanz\u00f3, la invitaci\u00f3n a participar en la \u00abFeria Nacional de la Semilla\u00bb que se realizar\u00e1 en Chan\u00e9 Independencia, bajo &#8230;<\/div><div class=\"pt-cv-meta-fields\"><span class=\"entry-date\"> <time datetime=\"2025-05-29T20:31:47-04:00\">jueves 29 mayo 2025 20:31<\/time><\/span><\/div><div class=\"pt-cv-rmwrap\"><a href=\"https:\/\/rua.com.bo\/?p=124\" class=\"_self pt-cv-readmore btn btn-success\" target=\"_self\" >Leer M\u00e1s<\/a><\/div><\/div><\/div>\n<div class=\" pt-cv-content-item pt-cv-1-col\"  data-pid=\"71\"><div class=\"pt-cv-thumb-wrapper  \"><a href=\"https:\/\/rua.com.bo\/?p=71\" class=\"_self pt-cv-href-thumbnail pt-cv-thumb-default\" target=\"_self\" ><img loading=\"lazy\" decoding=\"async\" width=\"768\" height=\"401\" src=\"https:\/\/rua.com.bo\/wp-content\/uploads\/2025\/05\/defensa-768x401.webp\" class=\"pt-cv-thumbnail\" alt=\"Defensa al Consumidor, Salud P\u00fablica e Intendencia de la Alcald\u00eda realizan controles en la feria del Productor al Consumidor\" \/><\/a><div class=\"pt-cv-taxoterm over_top_left\"><a href='https:\/\/rua.com.bo\/?cat=70' title='ECONOMIA' class='pt-cv-tax-economia-bolivia'>ECONOMIA<\/a><\/div><\/div>\n<div class=\"pt-cv-remain-wrapper\"><h4 class=\"pt-cv-title\"><a href=\"https:\/\/rua.com.bo\/?p=71\" class=\"_self\" target=\"_self\" >Defensa al Consumidor, Salud P\u00fablica e Intendencia de la Alcald\u00eda realizan controles en la feria del Productor al Consumidor<\/a><\/h4><div class=\"pt-cv-content\">Montero | En un esfuerzo conjunto por garantizar la protecci\u00f3n de los derechos de los consumidores, las \u00e1reas de Defensa &#8230;<\/div><div class=\"pt-cv-meta-fields\"><span class=\"entry-date\"> <time datetime=\"2025-05-27T20:56:53-04:00\">martes 27 mayo 2025 20:56<\/time><\/span><\/div><div class=\"pt-cv-rmwrap\"><a href=\"https:\/\/rua.com.bo\/?p=71\" class=\"_self pt-cv-readmore btn btn-success\" target=\"_self\" >Leer M\u00e1s<\/a><\/div><\/div><\/div>\n<div class=\" pt-cv-content-item pt-cv-1-col\"  data-pid=\"127\"><div class=\"pt-cv-thumb-wrapper  \"><a href=\"https:\/\/rua.com.bo\/?p=127\" class=\"_self pt-cv-href-thumbnail pt-cv-thumb-default\" target=\"_self\" ><img loading=\"lazy\" decoding=\"async\" width=\"768\" height=\"775\" src=\"https:\/\/rua.com.bo\/wp-content\/uploads\/2025\/05\/espa-768x775.webp\" class=\"pt-cv-thumbnail\" alt=\"En Elvy Salon Spa celebramos a mam\u00e1 con una experiencia de bienestar \u00fanica\" \/><\/a><div class=\"pt-cv-taxoterm over_top_left\"><a href='https:\/\/rua.com.bo\/?cat=33' title='Empresarial' class='pt-cv-tax-empresarial'>Empresarial<\/a><\/div><\/div>\n<div class=\"pt-cv-remain-wrapper\"><h4 class=\"pt-cv-title\"><a href=\"https:\/\/rua.com.bo\/?p=127\" class=\"_self\" target=\"_self\" >En Elvy Salon Spa celebramos a mam\u00e1 con una experiencia de bienestar \u00fanica<\/a><\/h4><div class=\"pt-cv-content\">Porque mam\u00e1 merece un momento solo para ella, Elvy Salon Spa lanza una promoci\u00f3n especial que combina relajaci\u00f3n, belleza y &#8230;<\/div><div class=\"pt-cv-meta-fields\"><span class=\"entry-date\"> <time datetime=\"2025-05-27T20:34:56-04:00\">martes 27 mayo 2025 20:34<\/time><\/span><\/div><div class=\"pt-cv-rmwrap\"><a href=\"https:\/\/rua.com.bo\/?p=127\" class=\"_self pt-cv-readmore btn btn-success\" target=\"_self\" >Leer M\u00e1s<\/a><\/div><\/div><\/div>\n<div class=\" pt-cv-content-item pt-cv-1-col\"  data-pid=\"61\"><div class=\"pt-cv-thumb-wrapper  \"><a href=\"https:\/\/rua.com.bo\/?p=61\" class=\"_self pt-cv-href-thumbnail pt-cv-thumb-default\" target=\"_self\" ><img loading=\"lazy\" decoding=\"async\" width=\"768\" height=\"434\" src=\"https:\/\/rua.com.bo\/wp-content\/uploads\/2025\/05\/1-768x434.jpg\" class=\"pt-cv-thumbnail\" alt=\"Aceite, el producto m\u00e1s demandado en la Feria del Productor al Consumidor en el Mercado Popular de Montero\" \/><\/a><div class=\"pt-cv-taxoterm over_top_left\"><a href='https:\/\/rua.com.bo\/?cat=70' title='ECONOMIA' class='pt-cv-tax-economia-bolivia'>ECONOMIA<\/a><\/div><\/div>\n<div class=\"pt-cv-remain-wrapper\"><h4 class=\"pt-cv-title\"><a href=\"https:\/\/rua.com.bo\/?p=61\" class=\"_self\" target=\"_self\" >Aceite, el producto m\u00e1s demandado en la Feria del Productor al Consumidor en el Mercado Popular de Montero<\/a><\/h4><div class=\"pt-cv-content\">Montero \u2013 Durante la reciente Feria del Productor al Consumidor, realizada en el Mercado Popular sobre la Av. Betania, el &#8230;<\/div><div class=\"pt-cv-meta-fields\"><span class=\"entry-date\"> <time datetime=\"2025-05-27T18:55:48-04:00\">martes 27 mayo 2025 18:55<\/time><\/span><\/div><div class=\"pt-cv-rmwrap\"><a href=\"https:\/\/rua.com.bo\/?p=61\" class=\"_self pt-cv-readmore btn btn-success\" target=\"_self\" >Leer M\u00e1s<\/a><\/div><\/div><\/div>\n<div class=\" pt-cv-content-item pt-cv-1-col\"  data-pid=\"56\"><div class=\"pt-cv-thumb-wrapper  \"><a href=\"https:\/\/rua.com.bo\/?p=56\" class=\"_self pt-cv-href-thumbnail pt-cv-thumb-default\" target=\"_self\" ><img loading=\"lazy\" decoding=\"async\" width=\"768\" height=\"400\" src=\"https:\/\/rua.com.bo\/wp-content\/uploads\/2025\/05\/merca-768x400.webp\" class=\"pt-cv-thumbnail\" alt=\"Inauguran nuevo bloque comercial en el Mercado Popular de Montero\" \/><\/a><div class=\"pt-cv-taxoterm over_top_left\"><a href='https:\/\/rua.com.bo\/?cat=70' title='ECONOMIA' class='pt-cv-tax-economia-bolivia'>ECONOMIA<\/a><\/div><\/div>\n<div class=\"pt-cv-remain-wrapper\"><h4 class=\"pt-cv-title\"><a href=\"https:\/\/rua.com.bo\/?p=56\" class=\"_self\" target=\"_self\" >Inauguran nuevo bloque comercial en el Mercado Popular de Montero<\/a><\/h4><div class=\"pt-cv-content\">Montero \u2013 El directorio del Mercado Popular, junto a sus socios, llev\u00f3 a cabo la inauguraci\u00f3n oficial de un nuevo &#8230;<\/div><div class=\"pt-cv-meta-fields\"><span class=\"entry-date\"> <time datetime=\"2025-05-27T18:03:39-04:00\">martes 27 mayo 2025 18:03<\/time><\/span><\/div><div class=\"pt-cv-rmwrap\"><a href=\"https:\/\/rua.com.bo\/?p=56\" class=\"_self pt-cv-readmore btn btn-success\" target=\"_self\" >Leer M\u00e1s<\/a><\/div><\/div><\/div><\/div><\/div> <\/div> <style>\n\n#pt-cv-view-1xzsp27x .pt-cv-meta-fields {  }#pt-cv-view-1xzsp27x .pt-cv-meta-fields * { font-size: 13px; }#pt-cv-view-1xzsp27x .pt-cv-thumb-wrapper:not(.miniwrap) {  }#pt-cv-view-1xzsp27x .pt-cv-thumbnail:not(.pt-cv-thumbnailsm) { height: 250px; }#pt-cv-view-1xzsp27x .pt-cv-title a { display: block;color: #018615; }#pt-cv-view-1xzsp27x .pt-cv-title:not(.pt-cv-titlesm) a { font-weight: 600;text-decoration: none;font-size: 20px; }#pt-cv-view-1xzsp27x .pt-cv-titlesm a { font-weight: 600;font-size: 18px; }#pt-cv-view-1xzsp27x .pt-cv-content { font-size: 15px; }#pt-cv-view-1xzsp27x .pt-cv-rmwrap {  }#pt-cv-view-1xzsp27x .pt-cv-readmore { color: #fff;background-color: #109f03;font-size: 14px;border-radius: 5px 5px 5px 5px; }#pt-cv-view-1xzsp27x .pt-cv-taxoterm {  }#pt-cv-view-1xzsp27x .pt-cv-taxoterm * { color: #ffffff;background-color: #028e02;font-size: 14px;padding: 3px 5px 3px 5px;border-radius: 5px 5px 5px 5px; }#pt-cv-view-1xzsp27x + .pt-cv-pagination-wrapper {  }#pt-cv-view-1xzsp27x + .pt-cv-pagination-wrapper a { font-size: 14px; }#pt-cv-view-1xzsp27x > .pt-cv-page {grid-template-columns: repeat(2, 1fr);grid-gap: 20px;}#pt-cv-view-1xzsp27x .pt-cv-title a:hover { color: #000000; }#pt-cv-view-1xzsp27x .pt-cv-title:not(.pt-cv-titlesm) a:hover {  }#pt-cv-view-1xzsp27x .pt-cv-rmwrap:hover {  }#pt-cv-view-1xzsp27x .pt-cv-readmore:hover { background-color: #000000; }#pt-cv-view-1xzsp27x .pt-cv-taxoterm:hover {  }#pt-cv-view-1xzsp27x .pt-cv-taxoterm *:hover { background-color: #000000; }\n@media all and (max-width: 1024px) { \n#pt-cv-view-1xzsp27x > .pt-cv-page {}\n} \n@media all and (max-width: 767px) { \n#pt-cv-view-1xzsp27x > .pt-cv-page {grid-template-columns: repeat(1, 1fr);}\n} <\/style>","protected":false},"excerpt":{"rendered":"","protected":false},"author":1,"featured_media":0,"parent":0,"menu_order":0,"comment_status":"closed","ping_status":"closed","template":"","meta":{"footnotes":""},"class_list":["post-317","page","type-page","status-publish","hentry"],"_links":{"self":[{"href":"https:\/\/rua.com.bo\/index.php?rest_route=\/wp\/v2\/pages\/317","targetHints":{"allow":["GET"]}}],"collection":[{"href":"https:\/\/rua.com.bo\/index.php?rest_route=\/wp\/v2\/pages"}],"about":[{"href":"https:\/\/rua.com.bo\/index.php?rest_route=\/wp\/v2\/types\/page"}],"author":[{"embeddable":true,"href":"https:\/\/rua.com.bo\/index.php?rest_route=\/wp\/v2\/users\/1"}],"replies":[{"embeddable":true,"href":"https:\/\/rua.com.bo\/index.php?rest_route=%2Fwp%2Fv2%2Fcomments&post=317"}],"version-history":[{"count":5,"href":"https:\/\/rua.com.bo\/index.php?rest_route=\/wp\/v2\/pages\/317\/revisions"}],"predecessor-version":[{"id":345,"href":"https:\/\/rua.com.bo\/index.php?rest_route=\/wp\/v2\/pages\/317\/revisions\/345"}],"wp:attachment":[{"href":"https:\/\/rua.com.bo\/index.php?rest_route=%2Fwp%2Fv2%2Fmedia&parent=317"}],"curies":[{"name":"wp","href":"https:\/\/api.w.org\/{rel}","templated":true}]}}